{"id":36,"date":"2015-06-05T15:04:39","date_gmt":"2015-06-05T15:04:39","guid":{"rendered":"http:\/\/www.studioavvocatovoicu.com\/?page_id=36"},"modified":"2015-06-05T15:09:45","modified_gmt":"2015-06-05T15:09:45","slug":"cookie-policy","status":"publish","type":"page","link":"https:\/\/www.studioavvocatovoicu.com\/?page_id=36","title":{"rendered":"Cookie Policy"},"content":{"rendered":"<h2><strong>Cosa sono i cookie?<\/strong><\/h2>\n<p>I \u201ccookie\u201d sono stringhe di testo di piccola dimensione inviate da un server ad un Web client (di solito un browser) e poi rimandati indietro dal client al server (senza subire modifiche) ogni volta che il client accede alla stessa porzione dello stesso dominio web. In altre parole, si tratta delle tracce che ogni visitatore\/utente lascia sul web mentre naviga una pagina web.<\/p>\n<p>Nel caso dei \u201ccookie di lunga durata\u201d queste tracce vengono conservate nella memoria interna del proprio computer o dispositivo mobile e, grazie ad essi, dopo una prima visita al sito il sistema sar\u00e0 in grado di riconoscere a ogni visita successiva l\u2019utente che \u00e8 gi\u00e0 stato su tale sito.<\/p>\n<p>Nel caso, invece, dei \u201ccookie di sessione\u201d le informazioni non vengono memorizzate in modo persistente sul computer o dispositivo mobile dell\u2019utente, ma svaniscono con la fine di ogni sessione di navigazione.<\/p>\n<p>Per maggiori informazioni:\u00a0<a href=\"http:\/\/it.wikipedia.org\/wiki\/Cookie.\"><strong>http:\/\/it.wikipedia.org\/wiki\/Cookie.<\/strong><\/a><\/p>\n<h2><strong>Perch\u00e9 utilizziamo i cookie?<\/strong><\/h2>\n<p><strong>studioavvocatovoicu.com<\/strong>\u00a0utilizza i cookie sul proprio sito web per poter analizzare l\u2019accesso alle pagine web, personalizzare informazioni, contenuti e servizi e garantire ai visitatori\/utenti qualit\u00e0, fiducia e sicurezza.<\/p>\n<p>Altres\u00ec, il sito di\u00a0<strong>studioavvocatovoicu<\/strong><strong>.<strong>com<\/strong><\/strong>\u00a0permette di rifiutare il tracciamento dei cookie, ma in questo caso potrebbe essere precluso l\u2019utilizzo di alcune funzionalit\u00e0 e personalizzazioni (ad esempio, la possibilit\u00e0 di aggiungere un fondo ai \u201cpreferiti\u201d). Ricordiamo che di \u201cdefault\u201d quasi tutti i browser web sono impostati per accettare automaticamente il tracciamento dei cookie.<\/p>\n<p>I visitatori\/utenti possono comunque modificare la configurazione predefinita del proprio browser. Come gi\u00e0 precisato, la disabilitazione o la cancellazione dei cookie potrebbe per\u00f2 precludere la fruizione ottimale di alcune aree del sito di\u00a0<strong>studioavvocatovoicu<\/strong><strong>.com<\/strong>.<\/p>\n<p>In ogni caso, se i visitatori\/utenti volessero decidere di volta in volta se accettare o meno i cookie, \u00e8 anche possibile configurare il proprio browser affinch\u00e9 generi un avviso ogni volta che viene salvato un cookie.<\/p>\n<h2><strong>Quali tipi di cookie utilizza <strong>studioavvocatovoicu<\/strong>.com?<\/strong><\/h2>\n<p><strong>Cookie essenziali<\/strong><\/p>\n<p>Questi cookie sono essenziali per consentirti di navigare nel Sito e utilizzarne tutte le funzionalit\u00e0. Senza questi cookie, che sono assolutamente necessari, non saremmo in grado di fornirti alcuni servizi o funzioni e la navigazione sul sito non sarebbe agevole e facile come dovrebbe essere.<\/p>\n<p><strong>Performance cookie<\/strong><\/p>\n<p>I performance cookie, anche chiamati analytics cookie, raccolgono informazioni circa l\u2019utilizzo che fai del sito e ci consentono di migliorarne il funzionamento. Ad esempio, i performance cookie ci mostrano quali sono le pagine pi\u00f9 frequentemente visitate, gli schemi ricorrenti d\u2019utilizzo del sito e ci aiutano a comprendere eventuali difficolt\u00e0 che incontri nell\u2019utilizzo del sito.<\/p>\n<p><strong>Cookie di funzionalit\u00e0<\/strong><\/p>\n<p>In alcune circostanze potremmo usare Cookie di funzionalit\u00e0. I cookie di funzionalit\u00e0 ci consentono di ricordare le scelte che fai sul sito e\/o i servizi e che espressamente richiedi, allo scopo di fornirti servizi pi\u00f9 avanzati e pi\u00f9 personalizzati, come ad esempio aggiungere un fondo ai \u201cpreferiti\u201d o personalizzare una certa pagina web.<\/p>\n<p><strong>Flash Cookie<\/strong><\/p>\n<p>In alcune circostanze potremmo usare Adobe Flash Player per erogare alcuni contenuti, come video o animazioni. Al fine di migliorare la tua esperienza di navigazione, utilizziamo Local Shared Objects (piu comunemente conosciuti come \u201cFlash cookie\u201d) per ricordare le tue impostazioni e preferenze. Tali cookie sono archiviati sul tuo computer o dispositivo mobile, ma sono gestiti attraverso un\u2019interfaccia differente rispetto a quella fornita dal tuo browser. Pertanto non \u00e8 possibile gestire Flash cookie con il browser, ma bisogna accedere agli strumenti di gestione Flash direttamente dal sito internet di Adobe (<a href=\"http:\/\/www.adobe.com\/\"><strong>www.adobe.com<\/strong><\/a>). Il sito internet di Adobe fornisce esaustive informazioni su come eliminare o disabilitare i Flash cookie. Il sito web di Adobe fornisce informazioni su come rimuovere o disabilitare i cookie di Flash (vedi\u00a0<a href=\"http:\/\/www.adobe.com\/products\/flashplayer\/security\"><strong>http:\/\/www.adobe.com\/products\/flashplayer\/security<\/strong><\/a>). Si rammenta che limitare e\/o eliminare l\u2019uso di questo tipo di flash cookies pu\u00f2 pregiudicare le funzioni disponibili per le applicazioni basate sulla tecnologia Flash.<\/p>\n<h2><strong>Come gestire i cookie?<\/strong><\/h2>\n<p>Puoi rifiutare di accettare i cookie da questo sito in ogni momento semplicemente selezionando, sul tuo browser, le impostazioni che consentono di rifiutarli. Di seguito una breve panoramica dei principali browser utilizzati:\u00a0<a href=\"http:\/\/windows.microsoft.com\/it-it\/internet-explorer\/delete-manage-cookies#ie=ie-11\"><strong>Microsoft Internet Explorer<\/strong><\/a><\/p>\n<p><a href=\"https:\/\/support.google.com\/chrome\/answer\/95647?hl=it\"><strong>Google Chrome<\/strong><\/a><\/p>\n<p><a href=\"https:\/\/support.mozilla.org\/it\/kb\/Gestione%20dei%20cookie\"><strong>Mozilla Firefox<\/strong><\/a><\/p>\n<p><a href=\"http:\/\/www.apple.com\/legal\/privacy\/it\/cookies\/\"><strong>Safari<\/strong><\/a><\/p>\n<p><a href=\"http:\/\/help.opera.com\/Windows\/10.00\/it\/cookies.html\"><strong>Opera<\/strong><\/a><\/p>\n<p><strong>Cookie di terze parti<\/strong><\/p>\n<p>Il sito contiene collegamenti ad altri siti Web che dispongono di una propria informativa sulla privacy, queste informative sulla privacy possono essere diverse da quella adottata da studioavvocatovoicu.com, che quindi non risponde per Siti di terze parti.<\/p>\n<p><strong>Google Analytics<\/strong><\/p>\n<p>Il sito utilizza lo strumento Google Analytics \u00e8 uno strumento di analisi di Google che aiuta i proprietari di siti web e app a capire come i visitatori interagiscono con i contenuti di loro propriet\u00e0. Si pu\u00f2 utilizzare un set di cookie per raccogliere informazioni e generare statistiche di utilizzo del sito web senza identificazione personale dei singoli visitatori da parte di Google.<\/p>\n<p>Oltre a generare rapporti sulle statistiche di utilizzo dei siti web, il tag pixel di Google Analytics pu\u00f2 essere utilizzato, insieme ad alcuni cookie per la pubblicit\u00e0 descritti sopra, per consentirci di mostrare risultati pi\u00f9 pertinenti nelle propriet\u00e0 di Google (come la Ricerca Google) e in tutto il Web.<\/p>\n<p><strong>Google Maps<\/strong><\/p>\n<p>Questi cookie sono usati da Google per memorizzare le preferenze e le informazioni dell\u2019utente ogni volta che visita pagine web contenenti mappe geografiche di Google Maps. Questi cookie contengono sufficienti informazioni per consentire il tracciamento.<\/p>\n<p>Leggi ulteriori informazioni\u00a0<a href=\"https:\/\/developers.google.com\/analytics\/devguides\/collection\/analyticsjs\/cookie-usage\"><strong>su cookie di Analytics e privacy<\/strong><\/a>.\u00a0<strong><a href=\"https:\/\/tools.google.com\/dlpage\/gaoptout\/\">Add-on per disattivare Google Analytics<\/a><\/strong>.<\/p>\n<p><strong>Google Adwords<\/strong><\/p>\n<p>Il sito pu\u00f2 utilizzare anche lo strumento di advertising e remarketing Google Adwords. Questo strumento consente di pubblicizzare il sito di\u00a0<strong>studioavvocatovoicu.com<\/strong>\u00a0e pubblicare annunci personalizzati in base alle visite degli utenti al nostro sito. Per questo alcune pagine del sito potrebbero includere un codice definito \u201ccodice remarketing\u201d.<\/p>\n<p>Questo codice permette di leggere e configurare i cookie del browser al fine di determinare quale tipo di annuncio visualizzerai, in funzione dei dati relativi alla tu visita al sito, quali per esempio il circuito di navigazione scelto, le pagine effettivamente visitate o le azioni compiute all\u2019interno delle stesse.<\/p>\n<p>Le liste di remarketing cos\u00ec create sono conservate in un database dei server di Google in cui si conservano tutti gli ID dei cookie associati ad ogni lista o categoria di interessi. Le informazioni ottenute consentono di identificare solo il browser, dato che con queste informazioni Google non \u00e8 in grado di identificare l\u2019utente.<\/p>\n<p>Per maggiori informazioni sul Remarketing di Google \u00e8 possibile visitare pagina la pagina<a href=\"https:\/\/support.google.com\/adwords\/answer\/2454000?hl=it&amp;ref_topic=2677326%20http:\/\/\"><strong>https:\/\/support.google.com\/adwords\/answer\/2454000?hl=it&amp;ref_topic=2677326<\/strong><\/a><\/p>\n<p>Per maggiori informazioni sulle Norme e Principi Google per la Privacy \u00e8 possibile visitare la pagina<a href=\"http:\/\/www.google.it\/policies\/technologies\/ads\/\"><strong>http:\/\/www.google.it\/policies\/technologies\/ads\/<\/strong><\/a><\/p>\n<p>L\u2019autorizzazione alla raccolta e all\u2019archiviazione dei dati pu\u00f2 essere revocata in qualsiasi momento. L\u2019utente pu\u00f2 disattivare l\u2019utilizzo dei cookie da parte di Google attraverso le specifiche opzioni di impostazione dei diversi browser.<\/p>\n<p>Per maggiori informazioni:<\/p>\n<p><a href=\"https:\/\/www.google.com\/settings\/u\/0\/ads?hl=it&amp;sig=ACi0TCjK3ImesC3NGFWfa_kPO7Py8EGpIqXI5qrpSewN07S4xy66ibC9YONR3dcpHKenUWclITCXKJc5gT_UQcd10LV_zsbqyZaS_CjoWRCTeiwoU-0tpmCKW9Xzv9n6mtLHS8rk8HO-1LJS1u7zvmkobJ_hmzVCmmpcRbNVvWu1RItq9_Sx4b8\"><strong>Gestione preferenze annunci<\/strong><\/a><\/p>\n<p><a href=\"http:\/\/www.networkadvertising.org\/choices\/\"><strong>Norme per la disattivazione della Behavioral Advertising<\/strong><\/a><\/p>\n<p><strong>Utilizzando il nostro sito, accetti che tali tipologie di cookie possono essere installati sul tuo computer o dispositivo mobile.<\/strong><\/p>\n<p>&nbsp;<\/p>\n","protected":false},"excerpt":{"rendered":"<p>Cosa sono i cookie? I \u201ccookie\u201d sono stringhe di testo di piccola dimensione inviate da un server ad un Web client (di solito un browser) e poi rimandati indietro dal client al server (senza subire modifiche) ogni volta che il client accede alla stessa porzione dello stesso dominio web. In altre parole, si tratta delle [&hellip;]<\/p>\n","protected":false},"author":1,"featured_media":0,"parent":0,"menu_order":6,"comment_status":"closed","ping_status":"closed","template":"","meta":{"footnotes":""},"class_list":["post-36","page","type-page","status-publish","hentry"],"_links":{"self":[{"href":"https:\/\/www.studioavvocatovoicu.com\/index.php?rest_route=\/wp\/v2\/pages\/36","targetHints":{"allow":["GET"]}}],"collection":[{"href":"https:\/\/www.studioavvocatovoicu.com\/index.php?rest_route=\/wp\/v2\/pages"}],"about":[{"href":"https:\/\/www.studioavvocatovoicu.com\/index.php?rest_route=\/wp\/v2\/types\/page"}],"author":[{"embeddable":true,"href":"https:\/\/www.studioavvocatovoicu.com\/index.php?rest_route=\/wp\/v2\/users\/1"}],"replies":[{"embeddable":true,"href":"https:\/\/www.studioavvocatovoicu.com\/index.php?rest_route=%2Fwp%2Fv2%2Fcomments&post=36"}],"version-history":[{"count":4,"href":"https:\/\/www.studioavvocatovoicu.com\/index.php?rest_route=\/wp\/v2\/pages\/36\/revisions"}],"predecessor-version":[{"id":40,"href":"https:\/\/www.studioavvocatovoicu.com\/index.php?rest_route=\/wp\/v2\/pages\/36\/revisions\/40"}],"wp:attachment":[{"href":"https:\/\/www.studioavvocatovoicu.com\/index.php?rest_route=%2Fwp%2Fv2%2Fmedia&parent=36"}],"curies":[{"name":"wp","href":"https:\/\/api.w.org\/{rel}","templated":true}]}}